{"id":6587,"date":"2018-07-09T11:10:52","date_gmt":"2018-07-09T09:10:52","guid":{"rendered":"https:\/\/maternita.de\/qualitaet\/"},"modified":"2020-02-11T14:55:54","modified_gmt":"2020-02-11T13:55:54","slug":"qualitaet","status":"publish","type":"page","link":"https:\/\/maternita.de\/en\/qualitaet\/","title":{"rendered":"Quality Standards"},"content":{"rendered":"<p>[et_pb_section fb_built=&#8221;1&#8243; _builder_version=&#8221;3.9&#8243;][et_pb_row _builder_version=&#8221;3.9&#8243;][et_pb_column type=&#8221;3_5&#8243; _builder_version=&#8221;3.0.47&#8243; parallax=&#8221;off&#8221; parallax_method=&#8221;on&#8221;][et_pb_text admin_label=&#8221;Headline + Text&#8221; _builder_version=&#8221;3.17.4&#8243;]<\/p>\n<h1>Maternita &#8211; our quality standards and references<\/h1>\n<p>We would like to share with you how we ensure our commitment to the highest quality standards in our work with our partners and especially for our customers.<\/p>\n<ol>\n<li>maternita is not tied to \u00a0any companies or brands and will therefore always act as a neutral and independent consultant and facilitator.<\/li>\n<li>To provide our clients with the best possible service we are constantly trying to improve our services to the highest standards possible:<\/li>\n<li>Co-Founder Inga Sarrazin is a certified quality manager. This means all quality assurance and performance enhancing will be implemented directly by the leadership team with high priority.<\/li>\n<\/ol>\n<p>[\/et_pb_text][\/et_pb_column][et_pb_column type=&#8221;2_5&#8243; _builder_version=&#8221;3.0.47&#8243; parallax=&#8221;off&#8221; parallax_method=&#8221;on&#8221;][et_pb_image src=&#8221;https:\/\/maternita.de\/wp-content\/uploads\/2019\/05\/ihk-qualit\u00e4tsmanagement-maternita.jpg&#8221; _builder_version=&#8221;3.17.4&#8243;][\/et_pb_image][\/et_pb_column][\/et_pb_row][\/et_pb_section][et_pb_section fb_built=&#8221;1&#8243; module_class=&#8221;maternita-liste&#8221; _builder_version=&#8221;3.9&#8243; background_color=&#8221;#009cb4&#8243;][et_pb_row _builder_version=&#8221;3.0.48&#8243; background_size=&#8221;initial&#8221; background_position=&#8221;top_left&#8221; background_repeat=&#8221;repeat&#8221;][et_pb_column type=&#8221;1_2&#8243; _builder_version=&#8221;3.0.47&#8243; parallax=&#8221;off&#8221; parallax_method=&#8221;on&#8221;][et_pb_text admin_label=&#8221;Empfehlungen&#8221; _builder_version=&#8221;3.17.4&#8243; background_layout=&#8221;dark&#8221;]<\/p>\n<h3>Unsere Empfehlungen<\/h3>\n<ul>\n<li>Alle unsere Empfehlungen basieren ausschlie\u00dflich auf eigens gepr\u00fcften Anbietern und Kooperationspartnern<\/li>\n<li>Regelm\u00e4\u00dfiger Austausch mit Branchenexperten (z.B. Hebammen, \u00c4rzten, Kursanbietern, uvm.)<\/li>\n<li>St\u00e4ndige Recherche von neuen Entwicklungen, Forschungsergebnissen, Anbietern, etc.<\/li>\n<li>Wiederkehrende Teilnahme an Kursen f\u00fcr werdende Eltern und Eltern mit Kind, um Ihnen passende und qualitativ hochwertiges Kursangebot empfehlen und aktuelle Trends einsch\u00e4tzen zu k\u00f6nnen<\/li>\n<\/ul>\n<p>[\/et_pb_text][et_pb_button button_url=&#8221;https:\/\/maternita.de\/kontakt\/&#8221; button_text=&#8221;Wir freuen uns auf Ihre Fragen&#8221; button_alignment=&#8221;left&#8221; admin_label=&#8221;Button &#8211; Kontakt&#8221; _builder_version=&#8221;3.16&#8243; custom_button=&#8221;on&#8221; button_text_color=&#8221;#ffffff&#8221; button_bg_color=&#8221;rgba(255,255,255,0)&#8221; button_border_color=&#8221;#ffffff&#8221; button_use_icon=&#8221;off&#8221; background_layout=&#8221;dark&#8221; button_text_color_hover=&#8221;#ffffff&#8221; button_border_color_hover=&#8221;rgba(255,255,255,0)&#8221; button_border_radius_hover=&#8221;0&#8243; button_bg_color_hover=&#8221;rgba(255,255,255,0.2)&#8221; button_text_size__hover_enabled=&#8221;off&#8221; button_text_size__hover=&#8221;null&#8221; button_one_text_size__hover_enabled=&#8221;off&#8221; button_one_text_size__hover=&#8221;null&#8221; button_two_text_size__hover_enabled=&#8221;off&#8221; button_two_text_size__hover=&#8221;null&#8221; button_text_color__hover_enabled=&#8221;on&#8221; button_text_color__hover=&#8221;#ffffff&#8221; button_one_text_color__hover_enabled=&#8221;off&#8221; button_one_text_color__hover=&#8221;null&#8221; button_two_text_color__hover_enabled=&#8221;off&#8221; button_two_text_color__hover=&#8221;null&#8221; button_border_width__hover_enabled=&#8221;off&#8221; button_border_width__hover=&#8221;null&#8221; button_one_border_width__hover_enabled=&#8221;off&#8221; button_one_border_width__hover=&#8221;null&#8221; button_two_border_width__hover_enabled=&#8221;off&#8221; button_two_border_width__hover=&#8221;null&#8221; button_border_color__hover_enabled=&#8221;on&#8221; button_border_color__hover=&#8221;rgba(255,255,255,0)&#8221; button_one_border_color__hover_enabled=&#8221;off&#8221; button_one_border_color__hover=&#8221;null&#8221; button_two_border_color__hover_enabled=&#8221;off&#8221; button_two_border_color__hover=&#8221;null&#8221; button_border_radius__hover_enabled=&#8221;on&#8221; button_border_radius__hover=&#8221;0&#8243; button_one_border_radius__hover_enabled=&#8221;off&#8221; button_one_border_radius__hover=&#8221;null&#8221; button_two_border_radius__hover_enabled=&#8221;off&#8221; button_two_border_radius__hover=&#8221;null&#8221; button_letter_spacing__hover_enabled=&#8221;off&#8221; button_letter_spacing__hover=&#8221;null&#8221; button_one_letter_spacing__hover_enabled=&#8221;off&#8221; button_one_letter_spacing__hover=&#8221;null&#8221; button_two_letter_spacing__hover_enabled=&#8221;off&#8221; button_two_letter_spacing__hover=&#8221;null&#8221; button_bg_color__hover_enabled=&#8221;on&#8221; button_bg_color__hover=&#8221;rgba(255,255,255,0.2)&#8221; button_one_bg_color__hover_enabled=&#8221;off&#8221; button_one_bg_color__hover=&#8221;null&#8221; button_two_bg_color__hover_enabled=&#8221;off&#8221; button_two_bg_color__hover=&#8221;null&#8221;][\/et_pb_button][\/et_pb_column][et_pb_column type=&#8221;1_2&#8243; _builder_version=&#8221;3.0.47&#8243; parallax=&#8221;off&#8221; parallax_method=&#8221;on&#8221;][et_pb_text admin_label=&#8221;Kunden\/innen&#8221; _builder_version=&#8221;3.17.4&#8243; background_layout=&#8221;dark&#8221;]<\/p>\n<h3>Unsere Kundinnen \/ Kunden<\/h3>\n<ul>\n<li>Die Basis f\u00fcr eine angenehme und vertrauensvolle Zusammenarbeit bildet unsere Verschwiegenheit. Nat\u00fcrlich behandeln wir Ihre Sorgen, \u00c4ngste und privaten Daten streng vertraulich und geben sie nur in R\u00fccksprache und auf expliziten Wunsch von Ihnen an Dritte weiter.<\/li>\n<li>Wir setzten f\u00fcr unsere Arbeit ausf\u00fchrliche Checklisten ein, die ein angenehmes Erarbeiten individueller W\u00fcnsche und Vorstellungen erm\u00f6glichen.<\/li>\n<li>Inhalte und Absprachen werden von uns dokumentiert, so dass Sie jederzeit die M\u00f6glichkeit haben alles Besprochene und Festgelegte nachzulesen.<\/li>\n<li>Nach Abschluss unseres Services schlie\u00dfen wir Kundenbefragungen an, deren Bewertungen in zuk\u00fcnftige Arbeiten einflie\u00dfen.<\/li>\n<li>Unsererseits erfolgt ebenfalls eine Bewertung der Erfahrungen mit Anbietern, Hebammen, Gyn\u00e4kologen, etc., woraus sich ein umfassendes Profil ergibt, welches wir f\u00fcr unsere k\u00fcnftigen Kunden\/innen aufarbeiten.<\/li>\n<\/ul>\n<p>[\/et_pb_text][\/et_pb_column][\/et_pb_row][\/et_pb_section][et_pb_section fb_built=&#8221;1&#8243; _builder_version=&#8221;3.0.47&#8243;][et_pb_row _builder_version=&#8221;3.9&#8243;][et_pb_column type=&#8221;4_4&#8243; _builder_version=&#8221;3.0.47&#8243; parallax=&#8221;off&#8221; parallax_method=&#8221;on&#8221;][et_pb_text admin_label=&#8221;Subheadline &#8211; Kundenstimmen&#8221; _builder_version=&#8221;3.9&#8243;]<\/p>\n<h3>Kundenstimmen<\/h3>\n<p>[\/et_pb_text][\/et_pb_column][\/et_pb_row][et_pb_row _builder_version=&#8221;3.0.48&#8243; background_size=&#8221;initial&#8221; background_position=&#8221;top_left&#8221; background_repeat=&#8221;repeat&#8221;][et_pb_column type=&#8221;4_4&#8243; _builder_version=&#8221;3.0.47&#8243; parallax=&#8221;off&#8221; parallax_method=&#8221;on&#8221;][et_pb_text admin_label=&#8221;Referenz Ann D.&#8221; module_class=&#8221;maternita-referenz&#8221; _builder_version=&#8221;3.9&#8243;]<\/p>\n<blockquote>\n<p>Wir haben uns an Maternita mit dem besonders schwierigen Anliegen gewandt, f\u00fcr unsere Kinder eine qualitativ anspruchsvolle <strong>bilinguale Einrichtung<\/strong> zu finden, da unsere Kinder mehrsprachig aufwachsen. Maternita hat den Hintergrund unseres Anliegens, dass Mehrsprachigkeit auch kulturelle Kompetenz und Vorbereitung auf die Schule verlangt, sofort aufgenommen und in die Suche \u00fcbersetzt. Obwohl wir deutlich eher Wert auf Qualit\u00e4t als auf die schnelle Umsetzung legten, hat Maternita innerhalb von wenigen Wochen den idealen Platz f\u00fcr den \u00c4ltesten gefunden \u2014 der nun die anderen \u201cnachziehen\u201d kann (Stichwort Geschwisterbonus). Wir sind beide selbst\u00e4ndig und voll berufst\u00e4tig und haben bewusst die Suche abgegeben. In Anbetracht der katastrophalen Ausgangssituation in Berlin (Zentrum) und der n\u00f6tigen fachlichen Kompetenz ist das Preis-Leistungsverh\u00e4ltnis vollkommen ausgrglichen, allein die laufende Aktualisierung der Wartelisten, falls es l\u00e4nger dauert, ist privat kaum zu leisten. In jeder Hinsicht eine positive Erfahrung!<\/p>\n<\/blockquote>\n<p>Ann D.<\/p>\n<p>[\/et_pb_text][\/et_pb_column][\/et_pb_row][et_pb_row _builder_version=&#8221;3.0.48&#8243; background_size=&#8221;initial&#8221; background_position=&#8221;top_left&#8221; background_repeat=&#8221;repeat&#8221;][et_pb_column type=&#8221;1_2&#8243; _builder_version=&#8221;3.0.47&#8243; parallax=&#8221;off&#8221; parallax_method=&#8221;on&#8221;][et_pb_text admin_label=&#8221;Referenz Anika S.&#8221; module_class=&#8221;maternita-referenz&#8221; _builder_version=&#8221;3.9&#8243;]<\/p>\n<blockquote>\n<p><strong>Navigiert durch die Schwangerschaft:<\/strong> Es war ein gutes Gef\u00fchl zu wissen, dass da noch eine Person ist, die mich unterst\u00fctzt und aufpasst, dass nichts Wichtiges vergessen wird und daran erinnert, wann was erledigt werden muss (vor allem weil man an so viele Dinge denken muss!). Vielen Dank!<\/p>\n<\/blockquote>\n<p>Anika S.<\/p>\n<p>[\/et_pb_text][\/et_pb_column][et_pb_column type=&#8221;1_2&#8243; _builder_version=&#8221;3.0.47&#8243; parallax=&#8221;off&#8221; parallax_method=&#8221;on&#8221;][et_pb_text admin_label=&#8221;Referenz Sascha E.&#8221; module_class=&#8221;maternita-referenz&#8221; _builder_version=&#8221;3.9&#8243;]<\/p>\n<blockquote>\n<p><strong>Beh\u00f6rdenpaket 1 aus 3:<\/strong> Dank nocheinmal f\u00fcr die prompte Beantwortung meiner Fragen. Sowohl Beratungstechnisch durch maternita als auch in der Rechtsberatung durch Sandra Runge ist alles top gelaufen!<\/p>\n<\/blockquote>\n<p>Sascha E.<\/p>\n<p>[\/et_pb_text][\/et_pb_column][\/et_pb_row][et_pb_row _builder_version=&#8221;3.0.48&#8243; background_size=&#8221;initial&#8221; background_position=&#8221;top_left&#8221; background_repeat=&#8221;repeat&#8221;][et_pb_column type=&#8221;4_4&#8243; _builder_version=&#8221;3.0.47&#8243; parallax=&#8221;off&#8221; parallax_method=&#8221;on&#8221;][et_pb_text admin_label=&#8221;Referenz Susanne M.&#8221; module_class=&#8221;maternita-referenz&#8221; _builder_version=&#8221;3.17.4&#8243;]<\/p>\n<blockquote>\n<p>Die Beratung von MATERNITA hat mir pers\u00f6nlich bei der Bearbeitung meines Elterngeldantrags sehr geholfen. Schnell haben wir einen Termin vereinbaren k\u00f6nnen und Inga ist zu mir mit einer Mappe aller ben\u00f6tigten Unterlagen gekommen. Au\u00dferdem hatte sie dann noch eine handvoll n\u00fctzlicher Tipps und guter Laune mit im Gep\u00e4ck, so dass der Antrag fix bearbeitet war.<\/p>\n<p>Da unsere Situation durch vorherige Elternzeit, Ausbildung und Vollzeitjob nicht so eindeutig definiert ist, war Inga mir eine gro\u00dfe Hilfe durch den Wust der <strong>B\u00fcrokratie<\/strong> zu man\u00f6vrieren. Habt ganz lieben Dank, liebes Team von MATERNITA.<\/p>\n<\/blockquote>\n<p>Susanne M.<\/p>\n<p>[\/et_pb_text][\/et_pb_column][\/et_pb_row][et_pb_row _builder_version=&#8221;3.0.48&#8243; background_size=&#8221;initial&#8221; background_position=&#8221;top_left&#8221; background_repeat=&#8221;repeat&#8221;][et_pb_column type=&#8221;1_2&#8243; _builder_version=&#8221;3.0.47&#8243; parallax=&#8221;off&#8221; parallax_method=&#8221;on&#8221;][et_pb_text admin_label=&#8221;Referenz Helene W.&#8221; module_class=&#8221;maternita-referenz&#8221; _builder_version=&#8221;3.9&#8243;]<\/p>\n<blockquote>\n<p><strong>MehrlingABC:<\/strong> Es war ein super Info-Abend f\u00fcr uns als werdende Zwillings-Eltern! Inga gab uns viele hilfreiche Tipps und Check-Listen. Solch ein Termin ist meiner Meinung nach sehr empfehlenswert!<\/p>\n<\/blockquote>\n<p>Helene W.<\/p>\n<p>[\/et_pb_text][\/et_pb_column][et_pb_column type=&#8221;1_2&#8243; _builder_version=&#8221;3.0.47&#8243; parallax=&#8221;off&#8221; parallax_method=&#8221;on&#8221;][et_pb_text admin_label=&#8221;Referenz Carmen B.&#8221; module_class=&#8221;maternita-referenz&#8221; _builder_version=&#8221;3.9&#8243;]<\/p>\n<blockquote>\n<p><strong>Elterngeld-Elternzeit-Zwillinge:<\/strong> Super schnelle Unterst\u00fctzung bei meinem Problem, super freundliche Beratung, alles tip top!!<\/p>\n<\/blockquote>\n<p>Carmen B.<\/p>\n<p>[\/et_pb_text][\/et_pb_column][\/et_pb_row][et_pb_row _builder_version=&#8221;3.9&#8243;][et_pb_column type=&#8221;4_4&#8243; _builder_version=&#8221;3.0.47&#8243; parallax=&#8221;off&#8221; parallax_method=&#8221;on&#8221;][\/et_pb_column][\/et_pb_row][\/et_pb_section]<\/p>\n","protected":false},"excerpt":{"rendered":"<p>Maternita &#8211; our quality standards and references We would like to share with you how we ensure our commitment to the highest quality standards in our work with our partners and especially for our customers. maternita is not tied to \u00a0any companies or brands and will therefore always act as a neutral and independent consultant [&hellip;]<\/p>\n","protected":false},"author":13,"featured_media":0,"parent":0,"menu_order":14,"comment_status":"closed","ping_status":"closed","template":"","meta":{"_et_pb_use_builder":"on","_et_pb_old_content":"","_et_gb_content_width":"","footnotes":""},"aioseo_notices":[],"acf":[],"_links":{"self":[{"href":"https:\/\/maternita.de\/en\/wp-json\/wp\/v2\/pages\/6587"}],"collection":[{"href":"https:\/\/maternita.de\/en\/wp-json\/wp\/v2\/pages"}],"about":[{"href":"https:\/\/maternita.de\/en\/wp-json\/wp\/v2\/types\/page"}],"author":[{"embeddable":true,"href":"https:\/\/maternita.de\/en\/wp-json\/wp\/v2\/users\/13"}],"replies":[{"embeddable":true,"href":"https:\/\/maternita.de\/en\/wp-json\/wp\/v2\/comments?post=6587"}],"version-history":[{"count":3,"href":"https:\/\/maternita.de\/en\/wp-json\/wp\/v2\/pages\/6587\/revisions"}],"predecessor-version":[{"id":6687,"href":"https:\/\/maternita.de\/en\/wp-json\/wp\/v2\/pages\/6587\/revisions\/6687"}],"wp:attachment":[{"href":"https:\/\/maternita.de\/en\/wp-json\/wp\/v2\/media?parent=6587"}],"curies":[{"name":"wp","href":"https:\/\/api.w.org\/{rel}","templated":true}]}}