{"id":6566,"date":"2018-07-05T11:53:46","date_gmt":"2018-07-05T09:53:46","guid":{"rendered":"https:\/\/maternita.de\/unternehmen\/"},"modified":"2020-02-11T15:19:40","modified_gmt":"2020-02-11T14:19:40","slug":"corporate-services","status":"publish","type":"page","link":"https:\/\/maternita.de\/en\/corporate-services\/","title":{"rendered":"Corporate Services"},"content":{"rendered":"<p>[et_pb_section fb_built=&#8221;1&#8243; _builder_version=&#8221;3.0.47&#8243;][et_pb_row _builder_version=&#8221;3.0.48&#8243; background_size=&#8221;initial&#8221; background_position=&#8221;top_left&#8221; background_repeat=&#8221;repeat&#8221;][et_pb_column type=&#8221;4_4&#8243; _builder_version=&#8221;3.0.47&#8243; parallax=&#8221;off&#8221; parallax_method=&#8221;on&#8221;][et_pb_text _builder_version=&#8221;3.17.4&#8243;]<\/p>\n<h1 style=\"text-align: center;\">Consulting and Services for Enterprises<\/h1>\n<p>[\/et_pb_text][et_pb_text _builder_version=&#8221;3.17.4&#8243;]<\/p>\n<p>Human Capital is a critical factor for your company\u2019s success. A <b>long-term commitment<\/b> of your top level employees will give you operative and strategic advantages. Supporting and unburdening your employees throughout the process of growing a family and re-entering the workplace through a service like maternita\u00b4s will provide you with free capacity for the actual work that needs to get done. Unfortunately most <b>pregnant employees<\/b> tend to take more sick days and are less focused due to <b>additional work and stress. <\/b>Sooner or later questions about the compatibility of work and family life will come up. This is when maternita\u00a0comes is. We will team up with you to organize, structure, and guide your employees through the process to meet their parental needs and wishes and find a way to balance work and their new family life.<\/p>\n<p>[\/et_pb_text][\/et_pb_column][\/et_pb_row][et_pb_row _builder_version=&#8221;3.0.48&#8243; background_size=&#8221;initial&#8221; background_position=&#8221;top_left&#8221; background_repeat=&#8221;repeat&#8221;][et_pb_column type=&#8221;1_2&#8243; _builder_version=&#8221;3.0.47&#8243; parallax=&#8221;off&#8221; parallax_method=&#8221;on&#8221;][et_pb_text _builder_version=&#8221;3.17.4&#8243;]<\/p>\n<p><span>We offer our service\u00a0<\/span><a href=\"http:\/\/www.maternita.de\/en\/service\"><\/a><span>as well as <\/span><b>customized coachings<\/b><span> for expecting and young parents in executive and other key positions at your company:<\/span><\/p>\n<ul>\n<li>We take care of all the administrative and bureaucratic tasks for you employees \u2013 which usually takes 18-32 hours of their time, that could be used more efficiently for their actual workload on the job<\/li>\n<li>We offer info material and practical checklists to all relevant topics which will make extensive internet research unnecessary<\/li>\n<li>We assist in finding the appropriate aide and place for the birth, a good pediatrician, the perfect childcare etc. \u2013 which will help provide a smooth re-entry in the job<\/li>\n<\/ul>\n<p>[\/et_pb_text][\/et_pb_column][et_pb_column type=&#8221;1_2&#8243; _builder_version=&#8221;3.0.47&#8243; parallax=&#8221;off&#8221; parallax_method=&#8221;on&#8221;][et_pb_text _builder_version=&#8221;3.17.4&#8243;]<\/p>\n<p>We organize and hold <b>workshops<\/b> as well as provide you with <b>business consulting<\/b> about implementing <b>family friendly measures<\/b>starting with the pregnancy:<\/p>\n<ul>\n<li>Organizational outline for growing families<\/li>\n<li>Time management &amp; pregnancy<\/li>\n<li>Childcare logistics<\/li>\n<li>Re-entry into the workplace and priority management<\/li>\n<li>Basic know-how, resources, and practical tips as well as our experience pertaining to pregnancy and newborns in Berlin<\/li>\n<\/ul>\n<p>[\/et_pb_text][\/et_pb_column][\/et_pb_row][et_pb_row _builder_version=&#8221;3.0.48&#8243; background_size=&#8221;initial&#8221; background_position=&#8221;top_left&#8221; background_repeat=&#8221;repeat&#8221;][et_pb_column type=&#8221;4_4&#8243; _builder_version=&#8221;3.0.47&#8243; parallax=&#8221;off&#8221; parallax_method=&#8221;on&#8221;][et_pb_text _builder_version=&#8221;3.17.4&#8243;]<\/p>\n<p>As seen in:<\/p>\n<p>[\/et_pb_text][et_pb_image src=&#8221;https:\/\/maternita.de\/wp-content\/uploads\/2019\/09\/Screenshot-2019-09-14-13.20.38.png&#8221; _builder_version=&#8221;3.17.4&#8243;][\/et_pb_image][\/et_pb_column][\/et_pb_row][et_pb_row _builder_version=&#8221;3.0.48&#8243; background_size=&#8221;initial&#8221; background_position=&#8221;top_left&#8221; background_repeat=&#8221;repeat&#8221;][et_pb_column type=&#8221;4_4&#8243; _builder_version=&#8221;3.0.47&#8243; parallax=&#8221;off&#8221; parallax_method=&#8221;on&#8221;][et_pb_contact_form email=&#8221;info@maternita.de&#8221; title=&#8221;Contact Corporate Service&#8221; success_message=&#8221;Nachricht gesendet&#8221; submit_button_text=&#8221;Senden&#8221; _builder_version=&#8221;3.17.4&#8243; module_id=&#8221;et_pb_contact_form_0&#8243;][et_pb_contact_field field_id=&#8221;Name&#8221; field_title=&#8221;Name&#8221; _builder_version=&#8221;3.16&#8243; border_radii=&#8221;on||||&#8221; button_text_size__hover_enabled=&#8221;off&#8221; button_one_text_size__hover_enabled=&#8221;off&#8221; button_two_text_size__hover_enabled=&#8221;off&#8221; button_text_color__hover_enabled=&#8221;off&#8221; button_one_text_color__hover_enabled=&#8221;off&#8221; button_two_text_color__hover_enabled=&#8221;off&#8221; button_border_width__hover_enabled=&#8221;off&#8221; button_one_border_width__hover_enabled=&#8221;off&#8221; button_two_border_width__hover_enabled=&#8221;off&#8221; button_border_color__hover_enabled=&#8221;off&#8221; button_one_border_color__hover_enabled=&#8221;off&#8221; button_two_border_color__hover_enabled=&#8221;off&#8221; button_border_radius__hover_enabled=&#8221;off&#8221; button_one_border_radius__hover_enabled=&#8221;off&#8221; button_two_border_radius__hover_enabled=&#8221;off&#8221; button_letter_spacing__hover_enabled=&#8221;off&#8221; button_one_letter_spacing__hover_enabled=&#8221;off&#8221; button_two_letter_spacing__hover_enabled=&#8221;off&#8221; button_bg_color__hover_enabled=&#8221;off&#8221; button_one_bg_color__hover_enabled=&#8221;off&#8221; button_two_bg_color__hover_enabled=&#8221;off&#8221;][\/et_pb_contact_field][et_pb_contact_field field_id=&#8221;Email&#8221; field_title=&#8221;E-Mail-Adresse&#8221; field_type=&#8221;email&#8221; _builder_version=&#8221;3.16&#8243; border_radii=&#8221;on||||&#8221; button_text_size__hover_enabled=&#8221;off&#8221; button_one_text_size__hover_enabled=&#8221;off&#8221; button_two_text_size__hover_enabled=&#8221;off&#8221; button_text_color__hover_enabled=&#8221;off&#8221; button_one_text_color__hover_enabled=&#8221;off&#8221; button_two_text_color__hover_enabled=&#8221;off&#8221; button_border_width__hover_enabled=&#8221;off&#8221; button_one_border_width__hover_enabled=&#8221;off&#8221; button_two_border_width__hover_enabled=&#8221;off&#8221; button_border_color__hover_enabled=&#8221;off&#8221; button_one_border_color__hover_enabled=&#8221;off&#8221; button_two_border_color__hover_enabled=&#8221;off&#8221; button_border_radius__hover_enabled=&#8221;off&#8221; button_one_border_radius__hover_enabled=&#8221;off&#8221; button_two_border_radius__hover_enabled=&#8221;off&#8221; button_letter_spacing__hover_enabled=&#8221;off&#8221; button_one_letter_spacing__hover_enabled=&#8221;off&#8221; button_two_letter_spacing__hover_enabled=&#8221;off&#8221; button_bg_color__hover_enabled=&#8221;off&#8221; button_one_bg_color__hover_enabled=&#8221;off&#8221; button_two_bg_color__hover_enabled=&#8221;off&#8221;][\/et_pb_contact_field][et_pb_contact_field field_id=&#8221;Message&#8221; field_title=&#8221;Nachricht&#8221; field_type=&#8221;text&#8221; fullwidth_field=&#8221;on&#8221; _builder_version=&#8221;3.16&#8243; border_radii=&#8221;on||||&#8221; button_text_size__hover_enabled=&#8221;off&#8221; button_one_text_size__hover_enabled=&#8221;off&#8221; button_two_text_size__hover_enabled=&#8221;off&#8221; button_text_color__hover_enabled=&#8221;off&#8221; button_one_text_color__hover_enabled=&#8221;off&#8221; button_two_text_color__hover_enabled=&#8221;off&#8221; button_border_width__hover_enabled=&#8221;off&#8221; button_one_border_width__hover_enabled=&#8221;off&#8221; button_two_border_width__hover_enabled=&#8221;off&#8221; button_border_color__hover_enabled=&#8221;off&#8221; button_one_border_color__hover_enabled=&#8221;off&#8221; button_two_border_color__hover_enabled=&#8221;off&#8221; button_border_radius__hover_enabled=&#8221;off&#8221; button_one_border_radius__hover_enabled=&#8221;off&#8221; button_two_border_radius__hover_enabled=&#8221;off&#8221; button_letter_spacing__hover_enabled=&#8221;off&#8221; button_one_letter_spacing__hover_enabled=&#8221;off&#8221; button_two_letter_spacing__hover_enabled=&#8221;off&#8221; button_bg_color__hover_enabled=&#8221;off&#8221; button_one_bg_color__hover_enabled=&#8221;off&#8221; button_two_bg_color__hover_enabled=&#8221;off&#8221;][\/et_pb_contact_field][\/et_pb_contact_form][\/et_pb_column][\/et_pb_row][\/et_pb_section]<\/p>\n","protected":false},"excerpt":{"rendered":"<p>Consulting and Services for EnterprisesHuman Capital is a critical factor for your company\u2019s success. A long-term commitment of your top level employees will give you operative and strategic advantages. Supporting and unburdening your employees throughout the process of growing a family and re-entering the workplace through a service like maternita\u00b4s will provide you with free [&hellip;]<\/p>\n","protected":false},"author":13,"featured_media":0,"parent":0,"menu_order":7,"comment_status":"closed","ping_status":"closed","template":"","meta":{"_et_pb_use_builder":"on","_et_pb_old_content":"<p>Human Capital ist eine kritischer Erfolgsfaktor und eine langfristige <strong>Mitarbeiterbindung<\/strong> ist, besonders ab dem Senior Level, nicht nur operativ sondern auch strategisch von Vorteil. Eine Entlastung der ArbeitnehmerInnen in der Zeit der Schwangerschaft und des Wiedereinstiegs bedeutet die Schaffung freier Kapazit\u00e4ten f\u00fcr den Beruf. Weiterhin sind familienfreundliche Unternehmen zukunftsweisend. Jedoch sind ArbeitnehmerInnen in anderen Umst\u00e4nden aufgrund der neuen Doppelbelastung h\u00e4ufiger abgelenkt und k\u00f6nnen schwangerschaftsbedingt krank geschrieben werden, meist wegen \u00dcberlastung und Stress. Fr\u00fcher oder sp\u00e4ter kommt die Frage nach der <strong>Vereinbarkeit von Familie und Beruf<\/strong> auf. Aus diesem Grund hat das maternita-Team f\u00fcr Arbeitgeber, die ihre schwangeren Mitarbeiterinnen langfristig an sich binden und entlasten m\u00f6chten, spezielle <strong>Angebote und Workshops<\/strong> entwickelt.<br \/>Wir bieten unseren Service, sowie Coachings f\u00fcr Schwangere und <strong>Eltern in F\u00fchrungspositionen<\/strong> an und helfen als Familien-Conciere bei der <strong>Relocation internationaler Fachkr\u00e4fte<\/strong> und ihrer Familienmitglieder.<\/p><ul><li>Wir \u00fcbernehmen alle Beh\u00f6rdeng\u00e4nge und Antr\u00e4ge f\u00fcr Ihre MitarbeiterInnen \u2013 Das sind im Durchschnitt 18-32 Stunden, die Ihr Mitarbeiter f\u00fcr Ihr Unternehmen aufbringen kann.<\/li><li>Wir bieten kompakte Informationsmaterialien und Checklisten an, die eine aufwendige Internetrecherche \u00fcberfl\u00fcssig macht.<\/li><li>Wir unterst\u00fctzen bei der Suche nach Hebamme, Geburtsort und Kinderbetreuung, so dass der \u00dcbergang in die Elternzeit und die R\u00fcckkehr ins Arbeitsleben m\u00f6glichst angenehm und problemlos verl\u00e4uft.<\/li><\/ul><p>Wir organisieren und f\u00fchren <strong>Workshops und Arbeitgeberberatung<\/strong> zur Implementierung von <strong>familienfreundlichen Ma\u00dfnahmen<\/strong> schon ab der Schwangerschaft zu folgenden Themen durch.<\/p><ul><li>Organisationsleitfaden f\u00fcr die werden Familie<\/li><li>Zeitmanagement in der Schwangerschaft<\/li><li>Berufswiedereinstieg und Priorit\u00e4tenmanagement<\/li><li>Kitas-Suche und alternative Kinderbetreuung in Berlin<\/li><li>Angebote, Tipps, Ansprechpartner und Verg\u00fcnstigungen f\u00fcr Schwangere sowie M\u00fctter und V\u00e4ter in Berlin<\/li><\/ul><p><b>Seit <\/b><b>2014 <\/b>ist ein engagiertes <b>Team englischer Muttersprachlerinnen <\/b>an Bord und seit Ende 2017 stehen unsere Leistungen auch in <b>franz\u00f6sisch<\/b> zur Verf\u00fcgung!<\/p><p>Kontaktieren Sie uns f\u00fcr weitere Informationsmaterialien oder ein erstes Beratungsgespr\u00e4ch!<\/p>","_et_gb_content_width":"","footnotes":""},"aioseo_notices":[],"acf":[],"_links":{"self":[{"href":"https:\/\/maternita.de\/en\/wp-json\/wp\/v2\/pages\/6566"}],"collection":[{"href":"https:\/\/maternita.de\/en\/wp-json\/wp\/v2\/pages"}],"about":[{"href":"https:\/\/maternita.de\/en\/wp-json\/wp\/v2\/types\/page"}],"author":[{"embeddable":true,"href":"https:\/\/maternita.de\/en\/wp-json\/wp\/v2\/users\/13"}],"replies":[{"embeddable":true,"href":"https:\/\/maternita.de\/en\/wp-json\/wp\/v2\/comments?post=6566"}],"version-history":[{"count":2,"href":"https:\/\/maternita.de\/en\/wp-json\/wp\/v2\/pages\/6566\/revisions"}],"predecessor-version":[{"id":6663,"href":"https:\/\/maternita.de\/en\/wp-json\/wp\/v2\/pages\/6566\/revisions\/6663"}],"wp:attachment":[{"href":"https:\/\/maternita.de\/en\/wp-json\/wp\/v2\/media?parent=6566"}],"curies":[{"name":"wp","href":"https:\/\/api.w.org\/{rel}","templated":true}]}}