{"id":5662,"date":"2018-08-21T10:53:51","date_gmt":"2018-08-21T08:53:51","guid":{"rendered":"https:\/\/maternita.de\/?page_id=5662"},"modified":"2018-08-21T10:54:31","modified_gmt":"2018-08-21T08:54:31","slug":"breastfeeding-infant-nutrition","status":"publish","type":"page","link":"https:\/\/maternita.de\/en\/further-pages\/breastfeeding-infant-nutrition\/","title":{"rendered":"Support and Advice on Breastfeeding and Infant Nutrition"},"content":{"rendered":"<p>[et_pb_section bb_built=&#8221;1&#8243;][et_pb_row][et_pb_column type=&#8221;4_4&#8243;][et_pb_text]<\/p>\n<p><p><strong>Support and Advice on Breastfeeding and Infant Nutrition<\/strong><\/p>\n<p>At the latest once baby is born, the question of <span style=\"color: #008080;\"><strong>breastfeeding<\/strong><\/span> vs <span style=\"color: #008080;\"><strong>formula<\/strong><\/span> might arise. A hundred years ago there would have been only one answer: Breastfeeding. However with time and technical developments, a second possibility- infant formula, has become more and more commonplace.<\/p>\n<p>Regardless of whether women can (or want) to breastfeed their babies, resort to formula feeding or do both in parallel, the general recommendation of the National Breastfeeding Committee and the WHO state that breast milk and formula fulfill all the nutritional needs of babies within their first 6 months of life. Prior to baby\u2019s fifth month, the introduction of solids and additional fluids should be avoided. (For those who can read German, here is a fact sheet from the National Breastfeeding Committee regarding breastfeeding \u2013 <a href=\"http:\/\/www.bfr.bund.de\/cm\/343\/stilldauer.pdf\">Empfehlung der Nationalen Stillkommission am BfR vom 1. M\u00e4rz 2004<\/a>).<\/p>\n<p>Whatever mothers and families decide, the most important fundamentals for new parents and their babies are closeness, bonding and feeling good about their decisions, since happy parents mean happy children.<\/p>\n<p>As your baby grows, questions regarding the introduction of solids might crop up. Questions such as:<\/p>\n<ul>\n<li>When should I introduce solids?\n<p><div id=\"attachment_1905\" style=\"width: 156px\" class=\"wp-caption alignright\"><img decoding=\"async\" aria-describedby=\"caption-attachment-1905\" class=\"wp-image-1905\" src=\"http:\/\/www.maternita.de\/wp-content\/uploads\/2015\/03\/Fotolia_76366803_XS-300x200.jpg\" alt=\"\u00a9 Oksana Kuzmina\/fotolia\" width=\"146\" height=\"97\" srcset=\"https:\/\/maternita.de\/wp-content\/uploads\/2015\/03\/Fotolia_76366803_XS-300x200.jpg 300w, https:\/\/maternita.de\/wp-content\/uploads\/2015\/03\/Fotolia_76366803_XS.jpg 424w\" sizes=\"(max-width: 146px) 100vw, 146px\" \/><p id=\"caption-attachment-1905\" class=\"wp-caption-text\">\u00a9 Oksana Kuzmina\/fotolia<\/p><\/div><\/li>\n<li>How should I do it?<\/li>\n<li>Puree or Baby Led Weaning? Home-made or jars?<\/li>\n<li>What else do I have to think about regarding \u2018weaning\u2019?<\/li>\n<li>etc.<\/li>\n<\/ul>\n<p>It\u2019s important to evaluate your own situation and needs and answer these accordingly, since every family is different.<\/p>\n<p>&nbsp;<\/p>\n<hr \/>\n<p><strong>How can we help?<\/strong><\/p>\n<p>As <a href=\"http:\/\/www.afs-stillen.de\/afs-vor-ort\/stillberatung.html\">AFS<\/a> Breastfeeding counselers and infant nutrition consultants, we can give neutral advice on the basis of your individual <strong>requirements<\/strong> and <strong>situation<\/strong>.<\/p>\n<p><span style=\"color: #008080;\"><strong>Preparing for Breastfeeding:<\/strong><\/span><\/p>\n<ul>\n<li>What equipment do I need for breastfeeding?<\/li>\n<li>Where can I get help if I have problems?<\/li>\n<\/ul>\n<div id=\"attachment_1953\" style=\"width: 310px\" class=\"wp-caption alignright\"><img decoding=\"async\" aria-describedby=\"caption-attachment-1953\" class=\"wp-image-1953 size-medium\" src=\"http:\/\/www.maternita.de\/wp-content\/uploads\/2015\/03\/fotolia_22510945-id-foto.de_-300x199.jpg\" alt=\"stillen\" width=\"300\" height=\"199\" \/><p id=\"caption-attachment-1953\" class=\"wp-caption-text\">\u00a9 id-foto.de\/fotolia<\/p><\/div>\n<p><span style=\"color: #008080;\"><strong>Consultancy- Breastfeeding or Bottle:<\/strong><\/span><\/p>\n<ul>\n<li>What are the advantages and disadvantages?<\/li>\n<li>What considerations are there?<\/li>\n<li>What formula is available and how do I use it?<\/li>\n<li>How long can I breastfeed?<\/li>\n<li>Can I combine breastfeeding with formula?<\/li>\n<\/ul>\n<p><span style=\"color: #008080;\"><strong>Breastfeeding and Work<\/strong><\/span><\/p>\n<ul>\n<li>What rights do I have in the workplace as a breastfeeding mother?<\/li>\n<li>How can I breastfeed and work?<\/li>\n<\/ul>\n<p><span style=\"color: #008080;\"><strong>Introducing Solids<\/strong><\/span><\/p>\n<ul>\n<li>How do I introduce solids?<\/li>\n<li>When should I introduce solids?<\/li>\n<li>What considerations are there when introducing solids?<\/li>\n<li>What types of solids are there?<\/li>\n<li>What courses on the topic are offered close to me?<\/li>\n<\/ul>\n<p>and more\u2026<\/p>\n<p>We are happy to support you in answering these and other questions.<\/p>\n<p>[custom_button text=&#8221;contact us&#8221; title=&#8221;contact us&#8221; url=&#8221;http:\/\/www.maternita.de\/en\/contact&#8221; size=&#8221;large&#8221; bg_color=&#8221;#8e7617&#8243; text_color=&#8221;#FFFFFF&#8221; align=&#8221;left&#8221; target=&#8221;_self&#8221;]<\/p>\n<p>&nbsp;<\/p>\n<\/p>\n<p>[\/et_pb_text][\/et_pb_column][\/et_pb_row][\/et_pb_section]<\/p>\n","protected":false},"excerpt":{"rendered":"<p><div class=\"et_pb_row et_pb_row_0 et_pb_row_empty\">\n\t\t\t\t\n\t\t\t\t\n\t\t\t\t\n\t\t\t\t\n\t\t\t\t\n\t\t\t<\/div><div class=\"et_pb_module et_pb_text et_pb_text_0  et_pb_text_align_left et_pb_bg_layout_light\">\n\t\t\t\t\n\t\t\t\t\n\t\t\t\t\n\t\t\t\t\n\t\t\t\t\n\t\t\t<\/div> Support and Advice on Breastfeeding and Infant Nutrition At the latest once baby is born, the question of breastfeeding vs formula might arise. A hundred years ago there would have been only one answer: Breastfeeding. However with time and technical developments, a second possibility- infant formula, has become more and more commonplace. Regardless of [&hellip;]<\/p>\n","protected":false},"author":13,"featured_media":0,"parent":5640,"menu_order":0,"comment_status":"closed","ping_status":"closed","template":"","meta":{"_et_pb_use_builder":"on","_et_pb_old_content":"<strong>Unterst\u00fctzung und Beratung zum Thema Stillen und S\u00e4uglingsern\u00e4hrung\r\n<\/strong>\r\n\r\nSp\u00e4testens mit der Geburt des Babies stellt sich die Frage <span style=\"color: #008080;\"><strong>Stillen<\/strong><\/span> oder <strong><span style=\"color: #008080;\">Flaschenkost<\/span><\/strong>? Vor hunderten von Jahren gab es hierf\u00fcr nur eine Antwort - das Stillen. Doch im Laufe der Jahrhunderte und der technischen Entwicklungen gewann eine zweite M\u00f6glichkeit, die der industriellen Flaschennahrung, an Bedeutung.\r\n\r\nUnabh\u00e4ngig davon ob Frauen Ihr Baby stillen k\u00f6nnen (m\u00f6chten), auf Flaschennahrung zur\u00fcckgreifen oder beides parallel, die grunds\u00e4tzlichen Empfehlungen der nationalen Stillkommission und der WHO sagen aus, dass Muttermilch bzw. Fertigmilch in den ersten 6 Lebensmonaten des Babies den vollen Bedarf decken. Vor Beginn des f\u00fcnften Lebensmonats sollte auf die Einf\u00fchrung von Beikost und das Zuf\u00fcttern anderer Fl\u00fcssigkeiten verzichtet werden (Stilldauer - <a href=\"http:\/\/www.bfr.bund.de\/cm\/343\/stilldauer.pdf\" target=\"_blank\">Empfehlung der Nationalen Stillkommission am BfR vom 1. M\u00e4rz 2004<\/a>).\r\n\r\nUnabh\u00e4ngig davon f\u00fcr welchen Weg sich M\u00fctter\/Familie entscheiden, die wichtigste Grundlage f\u00fcr sie und das Kind ist N\u00e4he, Bindung und ein gutes Gef\u00fchl f\u00fcr die Entscheidung, die sie getroffen haben. Denn das Wohlbefinden der Eltern \u00fcbertr\u00e4gt sich auf ihr Baby.\r\n<ul>\r\n\t<li>Mit steigendem Alter des S\u00e4uglings stellt sich die Frage nach der Einf\u00fchrung von Beikost. Fragen wie\r\n\r\n[caption id=\"attachment_1905\" align=\"alignright\" width=\"146\" class=\" \"]<img class=\" wp-image-1905\" src=\"http:\/\/www.maternita.de\/wp-content\/uploads\/2015\/03\/Fotolia_76366803_XS-300x200.jpg\" alt=\"\u00a9 Oksana Kuzmina\/fotolia\" width=\"146\" height=\"97\" \/> \u00a9 Oksana Kuzmina\/fotolia[\/caption]<\/li>\r\n\t<li>Wann sollte ich diese einf\u00fchren?<\/li>\r\n\t<li>In welcher Form sollte ich sie einf\u00fchren?<\/li>\r\n\t<li>Brei oder Baby Led Weaning? Selbtgekocht oder Fertignahrung?<\/li>\r\n\t<li>Auf was muss ich bei der <a title=\"Beikost einf\u00fchren \u2013 Tipps, Methoden und Inspirationen\" href=\"http:\/\/www.maternita.de\/beikost-einfuehren-tipps-methoden-und-inspirationen-1901.html\">Beikosteinf\u00fchrung<\/a> achten?<\/li>\r\n\t<li>u.v.m<\/li>\r\n<\/ul>\r\nkommen auf, die jede Familie individuell f\u00fcr sich und zugeschnitten auf Ihre Situation und Anspr\u00fcche beantworten muss.\r\n\r\n<hr \/>\r\n\r\n<strong>Wie k\u00f6nnen wir helfen?<\/strong>\r\n\r\nWenn Sie zu diesem Thema gute und pr\u00e4gnante Informationen suchen, k\u00f6nnen Sie nun auch unseren E-Guide erwerben:\r\n\r\n<a href=\"http:\/\/www.neunmonateundhunderttage.de\/product\/e-guide-4-stillen-oder-flasche\/\"><img class=\"alignnone wp-image-2199 size-medium\" src=\"http:\/\/www.maternita.de\/wp-content\/uploads\/2015\/03\/Copy-of-e-guide-nmht-2-3-300x300.png\" alt=\"stillen oder flasche\" width=\"300\" height=\"300\" \/><\/a>\r\n\r\n\u00a0\r\n\r\nAls <a href=\"http:\/\/www.afs-stillen.de\/afs-vor-ort\/stillberatung.html\" target=\"_blank\">AFS-Stillberaterinnen<\/a> und Beraterinnen f\u00fcr die S\u00e4uglingsern\u00e4hrung beraten wir Sie au\u00dferdem neutral und auf Grundlage Ihrer <strong>individellen W\u00fcns<\/strong><strong>che<\/strong> und <strong>Situation<\/strong>:\r\n\r\n<span style=\"color: #008080;\"><strong><span style=\"text-decoration: underline;\">Stillvorbereitung:<\/span><\/strong><\/span>\r\n<ul>\r\n\t<li>Welche Stillutensilien ben\u00f6tige ich?<\/li>\r\n\t<li>Wo kann ich mir Unterst\u00fctzung bei Problemen besorgen?<\/li>\r\n<\/ul>\r\n<span style=\"color: #008080;\"><strong><span style=\"text-decoration: underline;\">Beratung Stillen oder Flasche:<\/span><\/strong><\/span>\r\n<ul>\r\n\t<li>Was sind die Vor- und Nachteile?<\/li>\r\n\t<li>Worauf muss ich achten?<\/li>\r\n\t<li>Welche industrielle Nahrung gibt es und wie verwende ich diese?\r\n\r\n[caption id=\"attachment_1953\" align=\"alignright\" width=\"300\"]<img class=\"wp-image-1953 size-medium\" src=\"http:\/\/www.maternita.de\/wp-content\/uploads\/2015\/03\/fotolia_22510945-id-foto.de_-300x199.jpg\" alt=\"stillen\" width=\"300\" height=\"199\" \/> \u00a9 id-foto.de\/fotolia[\/caption]<\/li>\r\n\t<li>Wie lange kann ich stillen?<\/li>\r\n\t<li>Kann ich Stillen und Flaschennahrung kombinieren?<\/li>\r\n<\/ul>\r\n<strong><span style=\"text-decoration: underline; color: #008080;\">Stillen und Beruf<\/span><\/strong>\r\n<ul>\r\n\t<li>Welche Rechte habe ich bei meinem Arbeitgeber?<\/li>\r\n\t<li>Welche vereinbare ich Beruf und Stillen?<\/li>\r\n<\/ul>\r\n<span style=\"color: #008080;\"><strong><span style=\"text-decoration: underline;\">Einf\u00fchrung von Beikost<\/span><\/strong><\/span>\r\n<ul>\r\n\t<li>Wie f\u00fchre ich Beikost ein?<\/li>\r\n\t<li>Wann f\u00fchre ich Beikost ein?<\/li>\r\n\t<li>Auf was muss ich bei der Einf\u00fchrung von Beikost achten?<\/li>\r\n\t<li>Welche Formen von Beikost gibt es?<\/li>\r\n\t<li>Welche Kursangebote gibt es zu diesem Thema in meiner N\u00e4he?<\/li>\r\n<\/ul>\r\nu.v.m.\r\n\r\nGerne unterst\u00fctzen wir Sie bei diesen und anderen Fragestellungen.\r\n\r\n[custom_button text=\"Kontaktieren Sie uns!\" title=\"Kontaktieren Sie uns!\" url=\"http:\/\/www.maternita.de\/kontakt\" size=\"large\" bg_color=\"#8e7617\" text_color=\"#FFFFFF\" align=\"left\" target=\"_self\"]\r\n\r\n\u00a0","_et_gb_content_width":"","footnotes":""},"aioseo_notices":[],"acf":[],"_links":{"self":[{"href":"https:\/\/maternita.de\/en\/wp-json\/wp\/v2\/pages\/5662"}],"collection":[{"href":"https:\/\/maternita.de\/en\/wp-json\/wp\/v2\/pages"}],"about":[{"href":"https:\/\/maternita.de\/en\/wp-json\/wp\/v2\/types\/page"}],"author":[{"embeddable":true,"href":"https:\/\/maternita.de\/en\/wp-json\/wp\/v2\/users\/13"}],"replies":[{"embeddable":true,"href":"https:\/\/maternita.de\/en\/wp-json\/wp\/v2\/comments?post=5662"}],"version-history":[{"count":1,"href":"https:\/\/maternita.de\/en\/wp-json\/wp\/v2\/pages\/5662\/revisions"}],"predecessor-version":[{"id":5663,"href":"https:\/\/maternita.de\/en\/wp-json\/wp\/v2\/pages\/5662\/revisions\/5663"}],"up":[{"embeddable":true,"href":"https:\/\/maternita.de\/en\/wp-json\/wp\/v2\/pages\/5640"}],"wp:attachment":[{"href":"https:\/\/maternita.de\/en\/wp-json\/wp\/v2\/media?parent=5662"}],"curies":[{"name":"wp","href":"https:\/\/api.w.org\/{rel}","templated":true}]}}