{"id":5636,"date":"2018-08-21T10:37:04","date_gmt":"2018-08-21T08:37:04","guid":{"rendered":"https:\/\/maternita.de\/?page_id=5636"},"modified":"2019-10-24T10:32:41","modified_gmt":"2019-10-24T08:32:41","slug":"maternity-concierge","status":"publish","type":"page","link":"https:\/\/maternita.de\/en\/further-pages\/maternity-concierge\/","title":{"rendered":"What is a Maternity Concierge"},"content":{"rendered":"<p>[et_pb_section bb_built=&#8221;1&#8243;][et_pb_row][et_pb_column type=&#8221;4_4&#8243;][et_pb_text]<\/p>\n<p><a href=\"http:\/\/www.maternita.de\/wp-content\/uploads\/2013\/11\/baby-200760.jpg\"><img decoding=\"async\" class=\"size-medium wp-image-731 alignright\" src=\"http:\/\/www.maternita.de\/wp-content\/uploads\/2013\/11\/baby-200760-200x300.jpg\" alt=\"\" width=\"200\" height=\"300\" srcset=\"https:\/\/maternita.de\/wp-content\/uploads\/2013\/11\/baby-200760-200x300.jpg 200w, https:\/\/maternita.de\/wp-content\/uploads\/2013\/11\/baby-200760-768x1152.jpg 768w, https:\/\/maternita.de\/wp-content\/uploads\/2013\/11\/baby-200760-683x1024.jpg 683w, https:\/\/maternita.de\/wp-content\/uploads\/2013\/11\/baby-200760-1080x1620.jpg 1080w, https:\/\/maternita.de\/wp-content\/uploads\/2013\/11\/baby-200760-600x900.jpg 600w\" sizes=\"(max-width: 200px) 100vw, 200px\" \/><\/a> During the period of pregnancy, birth or with \u00a0a newborn, there are different ways of guidance, support and advice. To help you decide, we have summarized some basic information for you:<\/p>\n<p>A <strong>midwife<\/strong> is an indispensable part of your prenatal care, birth and postnatal care as they guide you medically and emotionally through the process of becoming parents. The midwife or obstetric nurse is qualified to assist you with medical issues, and a great addition (and even alternative) to your gynaecologist.<\/p>\n<p>A <strong>Doula<\/strong> accompanies pre and post natal, but also throughout the birth &#8211; especially in emotional, sensitive issues and intimate contact for you and your partner. Some say there are there to mother the mother.<\/p>\n<p>A <strong>maternity assistant<\/strong> supports you while in childbed. She is running errands taking care of your other kids and housekeeping. Additionally she counsels you on sensitive and emotional issues and provides relaxation techniques.<\/p>\n<p>A <strong>Maternity Concierge and Baby Planner<\/strong> completes the picture of support guidance and advice before and after the birth. She is a neutral and independent consultant and facilitator who is aims to answer all your basic and organisational questions, educates you for the decision making process fulfils individual needs and wishes.<\/p>\n<p>Regardless if you choose the service of a midwife, doula \u00a0a maternity assistant and \/ or a Maternity Concierge, they are <strong>all committed to your well-being<\/strong> and assist you and your partner in your individual situation.<\/p>\n<p>[\/et_pb_text][\/et_pb_column][\/et_pb_row][\/et_pb_section]<\/p>\n","protected":false},"excerpt":{"rendered":"<p><div class=\"et_pb_row et_pb_row_0 et_pb_row_empty\">\n\t\t\t\t\n\t\t\t\t\n\t\t\t\t\n\t\t\t\t\n\t\t\t\t\n\t\t\t<\/div><div class=\"et_pb_module et_pb_text et_pb_text_0  et_pb_text_align_left et_pb_bg_layout_light\">\n\t\t\t\t\n\t\t\t\t\n\t\t\t\t\n\t\t\t\t\n\t\t\t\t\n\t\t\t<\/div> During the period of pregnancy, birth or with \u00a0a newborn, there are different ways of guidance, support and advice. To help you decide, we have summarized some basic information for you: A midwife is an indispensable part of your prenatal care, birth and postnatal care as they guide you medically and emotionally through the [&hellip;]<\/p>\n","protected":false},"author":13,"featured_media":0,"parent":5640,"menu_order":0,"comment_status":"closed","ping_status":"closed","template":"","meta":{"_et_pb_use_builder":"on","_et_pb_old_content":"<a href=\"http:\/\/www.maternita.de\/wp-content\/uploads\/2013\/11\/baby-200760.jpg\"><img class=\"size-medium wp-image-731 alignright\" src=\"http:\/\/www.maternita.de\/wp-content\/uploads\/2013\/11\/baby-200760-200x300.jpg\" alt=\"\" width=\"200\" height=\"300\" \/><\/a>In der Zeit der Schwangerschaft, Geburt oder mit Baby gibt es verschiedene M\u00f6glichkeiten der Begleitung, Unterst\u00fctzung und Beratung. Um Ihnen eine Entscheidungshilfe zu geben, haben wir die grundlegenden Informationen f\u00fcr Sie zusammengefasst:\r\n\r\nEine <strong>Hebamme<\/strong> ist ein unerl\u00e4sslicher Bestandteil f\u00fcr die Geburt und die Vor- und Nachsorge. Die Hebamme oder der Entbindungspfleger ist als Einziger berechtigt Sie in medizinischen Fragen, erg\u00e4nzend zu Ihrem Gyn\u00e4kologen, zu unterst\u00fctzen. Zus\u00e4tzlich zeigen sie M\u00f6glichkeiten von hom\u00f6opatischen Anwendungen auf.\r\n\r\nEine<strong> Doula<\/strong> begleitet Sie kurz vor, w\u00e4hrend und nach der Geburt vor allem in emotionalen Fragestellungen und bem\u00fcht sich eine einf\u00fchlsame Vertraute und Ansprechpartnerin f\u00fcr Sie und Ihren Partner\/Partnerin zu sein.\r\n\r\nEine <strong>M\u00fctterpflegerin<\/strong> unterst\u00fctzt Sie in der Zeit des Wochenbettes vor allem mit Erledigungen rund um Mutter, Baby und Haushalt. Aber auch einf\u00fchlsame Gespr\u00e4che und Entspannungstechniken sind ein Teil der Unterst\u00fctzung.\r\n\r\nEin <strong>Schwangerschafts-Concierge<\/strong> und <strong>Baby Planner<\/strong> rundet das Bild der unterst\u00fctzenden Begleitung rund um Schwangerschaft, Geburt und erste Zeit mit Baby ab. Sie ist eine neutrale und unabh\u00e4ngige Beraterin und Vermittlerin, die bem\u00fcht ist alle Ihre grunds\u00e4tzlichen Fragestellungen zu beantworten, organisatorische Aspekte f\u00fcr Sie zu strukturieren bzw. zu erledigen und individuelle Bed\u00fcrfnisse nach Ihren Vorstellungen zu gestalten.\r\n\r\nUnabh\u00e4ngig ob Sie die Begleitung durch eine Hebamme, Doula, einer M\u00fctterpflegerin und\/oder einem Schwangerschaftsconcierge w\u00e4hlen, alle sind darum bem\u00fcht auf Ihre Bed\u00fcrfnisse einzugehen und Sie und Ihren Partner\/Partnerin in Ihrer individuellen Situation zu unterst\u00fctzen.","_et_gb_content_width":"","footnotes":""},"aioseo_notices":[],"acf":[],"_links":{"self":[{"href":"https:\/\/maternita.de\/en\/wp-json\/wp\/v2\/pages\/5636"}],"collection":[{"href":"https:\/\/maternita.de\/en\/wp-json\/wp\/v2\/pages"}],"about":[{"href":"https:\/\/maternita.de\/en\/wp-json\/wp\/v2\/types\/page"}],"author":[{"embeddable":true,"href":"https:\/\/maternita.de\/en\/wp-json\/wp\/v2\/users\/13"}],"replies":[{"embeddable":true,"href":"https:\/\/maternita.de\/en\/wp-json\/wp\/v2\/comments?post=5636"}],"version-history":[{"count":1,"href":"https:\/\/maternita.de\/en\/wp-json\/wp\/v2\/pages\/5636\/revisions"}],"predecessor-version":[{"id":5637,"href":"https:\/\/maternita.de\/en\/wp-json\/wp\/v2\/pages\/5636\/revisions\/5637"}],"up":[{"embeddable":true,"href":"https:\/\/maternita.de\/en\/wp-json\/wp\/v2\/pages\/5640"}],"wp:attachment":[{"href":"https:\/\/maternita.de\/en\/wp-json\/wp\/v2\/media?parent=5636"}],"curies":[{"name":"wp","href":"https:\/\/api.w.org\/{rel}","templated":true}]}}